{"id":317,"date":"2025-01-08T01:03:41","date_gmt":"2025-01-08T00:03:41","guid":{"rendered":"https:\/\/cantinadragani.it\/?page_id=317"},"modified":"2025-02-07T18:00:33","modified_gmt":"2025-02-07T17:00:33","slug":"tenute","status":"publish","type":"page","link":"https:\/\/cantinadragani.it\/en\/tenute\/","title":{"rendered":"Tenute"},"content":{"rendered":"<div data-elementor-type=\"wp-page\" data-elementor-id=\"317\" class=\"elementor elementor-317\" data-elementor-post-type=\"page\">\n\t\t\t\t<div class=\"elementor-element elementor-element-41e692f1 e-con-full e-flex e-con e-parent\" data-id=\"41e692f1\" data-element_type=\"container\" data-settings=\"{&quot;background_background&quot;:&quot;classic&quot;}\">\n\t\t\t\t<div class=\"elementor-element elementor-element-63634003 elementor-widget elementor-widget-video\" data-id=\"63634003\" data-element_type=\"widget\" data-settings=\"{&quot;video_type&quot;:&quot;hosted&quot;,&quot;autoplay&quot;:&quot;yes&quot;,&quot;play_on_mobile&quot;:&quot;yes&quot;,&quot;mute&quot;:&quot;yes&quot;,&quot;loop&quot;:&quot;yes&quot;}\" data-widget_type=\"video.default\">\n\t\t\t\t<div class=\"elementor-widget-container\">\n\t\t\t\t\t\t\t<div class=\"e-hosted-video elementor-wrapper elementor-open-inline\">\n\t\t\t\t\t<video class=\"elementor-video\" src=\"https:\/\/cantinadragani.it\/wp-content\/uploads\/2025\/01\/cartinaanimata.mp4\" autoplay=\"\" loop=\"\" muted=\"muted\" playsinline=\"\" controlslist=\"nodownload\"><\/video>\n\t\t\t\t<\/div>\n\t\t\t\t\t\t<\/div>\n\t\t\t\t<\/div>\n\t\t\t\t<\/div>\n\t\t<div class=\"elementor-element elementor-element-1548bf5 e-flex e-con-boxed e-con e-parent\" data-id=\"1548bf5\" data-element_type=\"container\">\n\t\t\t\t\t<div class=\"e-con-inner\">\n\t\t<div class=\"elementor-element elementor-element-244e0fa6 e-con-full e-flex e-con e-child\" data-id=\"244e0fa6\" data-element_type=\"container\">\n\t\t<div class=\"elementor-element elementor-element-47525b77 e-con-full e-flex e-con e-child\" data-id=\"47525b77\" data-element_type=\"container\">\n\t\t\t\t<div class=\"elementor-element elementor-element-590e1ca0 elementor-hidden-mobile elementor-widget-divider--view-line elementor-widget elementor-widget-divider\" data-id=\"590e1ca0\" data-element_type=\"widget\" data-widget_type=\"divider.default\">\n\t\t\t\t<div class=\"elementor-widget-container\">\n\t\t\t\t\t\t\t<div class=\"elementor-divider\">\n\t\t\t<span class=\"elementor-divider-separator\">\n\t\t\t\t\t\t<\/span>\n\t\t<\/div>\n\t\t\t\t\t\t<\/div>\n\t\t\t\t<\/div>\n\t\t\t\t<\/div>\n\t\t<div class=\"elementor-element elementor-element-7111f24c e-con-full e-flex e-con e-child\" data-id=\"7111f24c\" data-element_type=\"container\">\n\t\t\t\t<div class=\"elementor-element elementor-element-7147cb45 elementor-widget elementor-widget-heading\" data-id=\"7147cb45\" data-element_type=\"widget\" data-widget_type=\"heading.default\">\n\t\t\t\t<div class=\"elementor-widget-container\">\n\t\t\t\t\t<h2 class=\"elementor-heading-title elementor-size-default\">LE TENUTE<\/h2>\t\t\t\t<\/div>\n\t\t\t\t<\/div>\n\t\t\t\t<\/div>\n\t\t<div class=\"elementor-element elementor-element-195cd2d8 e-con-full e-flex e-con e-child\" data-id=\"195cd2d8\" data-element_type=\"container\">\n\t\t\t\t<div class=\"elementor-element elementor-element-442de0e3 elementor-hidden-mobile elementor-widget-divider--view-line elementor-widget elementor-widget-divider\" data-id=\"442de0e3\" data-element_type=\"widget\" data-widget_type=\"divider.default\">\n\t\t\t\t<div class=\"elementor-widget-container\">\n\t\t\t\t\t\t\t<div class=\"elementor-divider\">\n\t\t\t<span class=\"elementor-divider-separator\">\n\t\t\t\t\t\t<\/span>\n\t\t<\/div>\n\t\t\t\t\t\t<\/div>\n\t\t\t\t<\/div>\n\t\t\t\t<\/div>\n\t\t\t\t<\/div>\n\t\t\t\t\t<\/div>\n\t\t\t\t<\/div>\n\t\t<div class=\"elementor-element elementor-element-5cf00afe e-con-full e-flex e-con e-parent\" data-id=\"5cf00afe\" data-element_type=\"container\">\n\t\t<div class=\"elementor-element elementor-element-28ab40ba e-con-full e-flex e-con e-child\" data-id=\"28ab40ba\" data-element_type=\"container\" data-settings=\"{&quot;background_background&quot;:&quot;classic&quot;}\">\n\t\t\t\t<\/div>\n\t\t<div class=\"elementor-element elementor-element-4c5f9ead e-con-full e-flex e-con e-child\" data-id=\"4c5f9ead\" data-element_type=\"container\">\n\t\t\t\t<div class=\"elementor-element elementor-element-4ac19f00 elementor-widget elementor-widget-heading\" data-id=\"4ac19f00\" data-element_type=\"widget\" data-widget_type=\"heading.default\">\n\t\t\t\t<div class=\"elementor-widget-container\">\n\t\t\t\t\t<h2 class=\"elementor-heading-title elementor-size-default\">Tenuta Marchesi de' Cordano<\/h2>\t\t\t\t<\/div>\n\t\t\t\t<\/div>\n\t\t\t\t<div class=\"elementor-element elementor-element-6ef8bcfb elementor-widget elementor-widget-heading\" data-id=\"6ef8bcfb\" data-element_type=\"widget\" data-widget_type=\"heading.default\">\n\t\t\t\t<div class=\"elementor-widget-container\">\n\t\t\t\t\t<h2 class=\"elementor-heading-title elementor-size-default\">LORETO APRUTINO (PE) HA 17,43,27<\/h2>\t\t\t\t<\/div>\n\t\t\t\t<\/div>\n\t\t\t\t<div class=\"elementor-element elementor-element-169efbda elementor-widget elementor-widget-text-editor\" data-id=\"169efbda\" data-element_type=\"widget\" data-widget_type=\"text-editor.default\">\n\t\t\t\t<div class=\"elementor-widget-container\">\n\t\t\t\t\t\t\t\t\t<p>La Tenuta <strong>Marchesi de\u2019 Cordano<\/strong> si trova a 30 km dal massiccio del Gran Sasso e a 30km dal Mar Adriatico, nella zona collinare che circonda Loreto Aprutino, ad un\u2019altitudine di <strong>307 mt. s.l.m.<\/strong>, con esposizione a Sud e Sud Est. I suoi 18 ettari, coltivati a vigneto, si estendono su un terreno di tipo argilloso e arenaceo-marnoso, facilmente intaccato dalle acque e accarezzato dalla brezza marina e dai venti freschi.<\/p><p>Questo aspetto pedoclimatico garantisce la coltivazione di un\u2019ampia variet\u00e0 di uve, quali: <em><strong>Montepulciano<\/strong><\/em> (ha 6,07,48), <em><strong>Trebbiano<\/strong><\/em> (ha 3,96,27), <em><strong>Pecorino<\/strong><\/em> (ha 1,66,36), <em><strong>Cococciola<\/strong><\/em> (ha 2,26,57), <em><strong>Passerina<\/strong><\/em> (ha 1,21,00) e <em><strong>Pinot Grigio<\/strong><\/em> (ha 2,25,59).<\/p>\t\t\t\t\t\t\t\t<\/div>\n\t\t\t\t<\/div>\n\t\t\t\t<\/div>\n\t\t\t\t<\/div>\n\t\t<div class=\"elementor-element elementor-element-4a2f5cb e-con-full e-flex e-con e-parent\" data-id=\"4a2f5cb\" data-element_type=\"container\">\n\t\t<div class=\"elementor-element elementor-element-17a36434 e-con-full e-flex e-con e-child\" data-id=\"17a36434\" data-element_type=\"container\">\n\t\t\t\t<div class=\"elementor-element elementor-element-3fdb94b4 elementor-widget elementor-widget-heading\" data-id=\"3fdb94b4\" data-element_type=\"widget\" data-widget_type=\"heading.default\">\n\t\t\t\t<div class=\"elementor-widget-container\">\n\t\t\t\t\t<h2 class=\"elementor-heading-title elementor-size-default\">Tenuta Palazzo Battaglini<\/h2>\t\t\t\t<\/div>\n\t\t\t\t<\/div>\n\t\t\t\t<div class=\"elementor-element elementor-element-4251d9e4 elementor-widget elementor-widget-heading\" data-id=\"4251d9e4\" data-element_type=\"widget\" data-widget_type=\"heading.default\">\n\t\t\t\t<div class=\"elementor-widget-container\">\n\t\t\t\t\t<h2 class=\"elementor-heading-title elementor-size-default\">VILLAMAGNA (CH) HA 18,69,25<\/h2>\t\t\t\t<\/div>\n\t\t\t\t<\/div>\n\t\t\t\t<div class=\"elementor-element elementor-element-7428ee0 elementor-widget elementor-widget-text-editor\" data-id=\"7428ee0\" data-element_type=\"widget\" data-widget_type=\"text-editor.default\">\n\t\t\t\t<div class=\"elementor-widget-container\">\n\t\t\t\t\t\t\t\t\t<p>Tenuta <strong>Palazzo Battaglini<\/strong> sorge nel comune di Villamagna (Chieti), tra il massiccio della Majella e il Mar Adriatico. I suoi <strong>18 ettari di vigneti<\/strong>, coltivati principalmente con vitigni autoctoni quali <em><strong>Montepulciano<\/strong><\/em> (ha 12,91,86), <em><strong>Trebbiano<\/strong><\/em> (ha 2,39,80) e <em><strong>Pecorino<\/strong><\/em> (ha 1,72,70), si trovano ad un\u2019altezza di 255 mt s.l.m., con esposizione a Sud Est. In questo terroir, la coltivazione di grandi uve trova le condizioni ideali per esprimersi al meglio, essendo l\u2019area caratterizzata da un suolo di natura argillosa e calcareo-marnosa.<\/p>\t\t\t\t\t\t\t\t<\/div>\n\t\t\t\t<\/div>\n\t\t\t\t<\/div>\n\t\t<div class=\"elementor-element elementor-element-14114760 e-con-full e-flex e-con e-child\" data-id=\"14114760\" data-element_type=\"container\" data-settings=\"{&quot;background_background&quot;:&quot;classic&quot;}\">\n\t\t\t\t<\/div>\n\t\t\t\t<\/div>\n\t\t<div class=\"elementor-element elementor-element-78af3a81 e-con-full e-flex e-con e-parent\" data-id=\"78af3a81\" data-element_type=\"container\">\n\t\t<div class=\"elementor-element elementor-element-5cbc6272 e-con-full e-flex e-con e-child\" data-id=\"5cbc6272\" data-element_type=\"container\" data-settings=\"{&quot;background_background&quot;:&quot;classic&quot;}\">\n\t\t\t\t<\/div>\n\t\t<div class=\"elementor-element elementor-element-6961b101 e-con-full e-flex e-con e-child\" data-id=\"6961b101\" data-element_type=\"container\">\n\t\t\t\t<div class=\"elementor-element elementor-element-6e70d5d9 elementor-widget elementor-widget-heading\" data-id=\"6e70d5d9\" data-element_type=\"widget\" data-widget_type=\"heading.default\">\n\t\t\t\t<div class=\"elementor-widget-container\">\n\t\t\t\t\t<h2 class=\"elementor-heading-title elementor-size-default\">Tenuta Santagiusta<\/h2>\t\t\t\t<\/div>\n\t\t\t\t<\/div>\n\t\t\t\t<div class=\"elementor-element elementor-element-4ca67ab5 elementor-widget elementor-widget-heading\" data-id=\"4ca67ab5\" data-element_type=\"widget\" data-widget_type=\"heading.default\">\n\t\t\t\t<div class=\"elementor-widget-container\">\n\t\t\t\t\t<h2 class=\"elementor-heading-title elementor-size-default\">CAMPLI (TE) HA 3,01,20<\/h2>\t\t\t\t<\/div>\n\t\t\t\t<\/div>\n\t\t\t\t<div class=\"elementor-element elementor-element-4e9f4f70 elementor-widget elementor-widget-text-editor\" data-id=\"4e9f4f70\" data-element_type=\"widget\" data-widget_type=\"text-editor.default\">\n\t\t\t\t<div class=\"elementor-widget-container\">\n\t\t\t\t\t\t\t\t\t<p>Tenuta <strong>Santagiusta<\/strong> (vigneti di montagna) si estende per 3 ettari, ad un\u2019altitudine di 610 mt. s.l.m., nel territorio di Campli, in provincia di Teramo. Qui, sui pendii dell\u2019Appennino esposti a mezzogiorno, troviamo un terroir caratteristico per la coltivazione delle variet\u00e0 di <em><strong>Chardonnay<\/strong><\/em> (ha 1,50,40) e <em><strong>Pinot Nero<\/strong><\/em> (ha 1,50,80), uve che prediligono maturazioni lente e notti fredde e che qui trovano la loro migliore espressione, con un suolo magro, terreno calcareo e parzialmente argilloso.<\/p><p>Risultato eccellente per uno spumante metodo classico di alta qualit\u00e0 e autenticit\u00e0. Le tre principali componenti quali il clima, il sottosuolo e l\u2019orografia creano combinazioni uniche in vigna.<\/p>\t\t\t\t\t\t\t\t<\/div>\n\t\t\t\t<\/div>\n\t\t\t\t<\/div>\n\t\t\t\t<\/div>\n\t\t<div class=\"elementor-element elementor-element-690ea2f4 e-con-full e-flex e-con e-parent\" data-id=\"690ea2f4\" data-element_type=\"container\">\n\t\t<div class=\"elementor-element elementor-element-1e7b7b38 e-con-full e-flex e-con e-child\" data-id=\"1e7b7b38\" data-element_type=\"container\">\n\t\t\t\t<div class=\"elementor-element elementor-element-78d6d83b elementor-widget elementor-widget-heading\" data-id=\"78d6d83b\" data-element_type=\"widget\" data-widget_type=\"heading.default\">\n\t\t\t\t<div class=\"elementor-widget-container\">\n\t\t\t\t\t<h2 class=\"elementor-heading-title elementor-size-default\">Tenuta Altavilla<\/h2>\t\t\t\t<\/div>\n\t\t\t\t<\/div>\n\t\t\t\t<div class=\"elementor-element elementor-element-3b9dfded elementor-widget elementor-widget-heading\" data-id=\"3b9dfded\" data-element_type=\"widget\" data-widget_type=\"heading.default\">\n\t\t\t\t<div class=\"elementor-widget-container\">\n\t\t\t\t\t<h2 class=\"elementor-heading-title elementor-size-default\">BUCCHIANICO (CH) HA 4,61,43<\/h2>\t\t\t\t<\/div>\n\t\t\t\t<\/div>\n\t\t\t\t<div class=\"elementor-element elementor-element-11ae23a3 elementor-widget elementor-widget-text-editor\" data-id=\"11ae23a3\" data-element_type=\"widget\" data-widget_type=\"text-editor.default\">\n\t\t\t\t<div class=\"elementor-widget-container\">\n\t\t\t\t\t\t\t\t\t<p>Tenuta <strong>Altavilla<\/strong> si trova sulle dolci colline che circondano il comune di Bucchianico, in provincia di Chieti. I 4 ettari di vigneto sono dislocati ad un\u2019altezza di circa <strong>360 mt. s.l.m.<\/strong>, con un\u2019esposizione a Sud e Sud Ovest che favorisce l\u2019attivit\u00e0 fotosintetica della vite producendo una buona quantit\u00e0 di zuccheri ed alcool. Il terreno di natura argilloso-calcarea, ricco di minerali e acidit\u00e0, riflette queste caratteristiche notevolmente sulla qualit\u00e0 organolettica dei vini, quali <em><strong>Montepulciano<\/strong><\/em> (ha 2,78,14), <em><strong>Trebbiamo<\/strong><\/em> (ha 1,33,16) e <em><strong>Pecorino<\/strong><\/em> (ha 0,50,43).<\/p>\t\t\t\t\t\t\t\t<\/div>\n\t\t\t\t<\/div>\n\t\t\t\t<\/div>\n\t\t<div class=\"elementor-element elementor-element-3a0af274 e-con-full e-flex e-con e-child\" data-id=\"3a0af274\" data-element_type=\"container\" data-settings=\"{&quot;background_background&quot;:&quot;classic&quot;}\">\n\t\t\t\t<\/div>\n\t\t\t\t<\/div>\n\t\t<div class=\"elementor-element elementor-element-72ab5b1a e-con-full e-flex e-con e-parent\" data-id=\"72ab5b1a\" data-element_type=\"container\">\n\t\t<div class=\"elementor-element elementor-element-2df0bc89 e-con-full e-flex e-con e-child\" data-id=\"2df0bc89\" data-element_type=\"container\" data-settings=\"{&quot;background_background&quot;:&quot;classic&quot;}\">\n\t\t\t\t<\/div>\n\t\t<div class=\"elementor-element elementor-element-30655748 e-con-full e-flex e-con e-child\" data-id=\"30655748\" data-element_type=\"container\">\n\t\t\t\t<div class=\"elementor-element elementor-element-7de11003 elementor-widget elementor-widget-heading\" data-id=\"7de11003\" data-element_type=\"widget\" data-widget_type=\"heading.default\">\n\t\t\t\t<div class=\"elementor-widget-container\">\n\t\t\t\t\t<h2 class=\"elementor-heading-title elementor-size-default\">Tenuta La Padrona<\/h2>\t\t\t\t<\/div>\n\t\t\t\t<\/div>\n\t\t\t\t<div class=\"elementor-element elementor-element-6bd15a61 elementor-widget elementor-widget-heading\" data-id=\"6bd15a61\" data-element_type=\"widget\" data-widget_type=\"heading.default\">\n\t\t\t\t<div class=\"elementor-widget-container\">\n\t\t\t\t\t<h2 class=\"elementor-heading-title elementor-size-default\">CANOSA SANNITA (CH) HA 1,35,18<\/h2>\t\t\t\t<\/div>\n\t\t\t\t<\/div>\n\t\t\t\t<div class=\"elementor-element elementor-element-430ea47f elementor-widget elementor-widget-text-editor\" data-id=\"430ea47f\" data-element_type=\"widget\" data-widget_type=\"text-editor.default\">\n\t\t\t\t<div class=\"elementor-widget-container\">\n\t\t\t\t\t\t\t\t\t<p><strong>Tenute La Padrona<\/strong> si trovano nell\u2019area limitrofa al comune di Canosa Sannita, in provincia di Chieti, tra le valli dei torrenti Venna e Sant\u2019Onofrio, il massiccio della Majella e il mare Adriatico. Gli ettari vitati si trovano ad un\u2019altitudine media di <strong>230 mt. s.l.m.<\/strong>, con esposizione prevalentemente a Sud Ovest. Il suolo tendenzialmente argilloso, calcareo e ricco di scheletro e il clima temperato mediterraneo, donano al <em><strong>Montepulciano<\/strong><\/em> (ha 0,55,90) e al <em><strong>Pinot Grigio<\/strong><\/em> (ha 0,79,28) particolare struttura ed eleganza.<\/p>\t\t\t\t\t\t\t\t<\/div>\n\t\t\t\t<\/div>\n\t\t\t\t<\/div>\n\t\t\t\t<\/div>\n\t\t<div class=\"elementor-element elementor-element-7dba40a3 e-con-full e-flex e-con e-parent\" data-id=\"7dba40a3\" data-element_type=\"container\">\n\t\t<div class=\"elementor-element elementor-element-2765b3a8 e-con-full e-flex e-con e-child\" data-id=\"2765b3a8\" data-element_type=\"container\">\n\t\t\t\t<div class=\"elementor-element elementor-element-516859a8 elementor-widget elementor-widget-heading\" data-id=\"516859a8\" data-element_type=\"widget\" data-widget_type=\"heading.default\">\n\t\t\t\t<div class=\"elementor-widget-container\">\n\t\t\t\t\t<h2 class=\"elementor-heading-title elementor-size-default\">Tenuta Bauglione<\/h2>\t\t\t\t<\/div>\n\t\t\t\t<\/div>\n\t\t\t\t<div class=\"elementor-element elementor-element-2d36c8de elementor-widget elementor-widget-heading\" data-id=\"2d36c8de\" data-element_type=\"widget\" data-widget_type=\"heading.default\">\n\t\t\t\t<div class=\"elementor-widget-container\">\n\t\t\t\t\t<h2 class=\"elementor-heading-title elementor-size-default\">CIVITAQUANA (PE) HA 3,39,49<\/h2>\t\t\t\t<\/div>\n\t\t\t\t<\/div>\n\t\t\t\t<div class=\"elementor-element elementor-element-2329033 elementor-widget elementor-widget-text-editor\" data-id=\"2329033\" data-element_type=\"widget\" data-widget_type=\"text-editor.default\">\n\t\t\t\t<div class=\"elementor-widget-container\">\n\t\t\t\t\t\t\t\t\t<p>I vigneti della <strong>Tenuta Bauglione<\/strong> si estendono per 4 ettari di terreno ad un\u2019altitudine di <strong>450 mt. s.l.m.<\/strong>, a met\u00e0 strada tra i due fiumi Nora e Torrente Schiavone, nella zona limitrofa al comune di Civitaquana (Pescara).<\/p><p>La coltivazione \u00e8 concentrata soprattutto sullo <em><strong>Chardonnay<\/strong><\/em> (ha 1,53,65) e il <em><strong>Montepulciano<\/strong><\/em> (ha 1,85,84). Di suolo tendenzialmente argilloso e calcareo, i vigneti sono ben esposti ad Est contribuendo al mantenimento di ottime escursioni termiche.<\/p>\t\t\t\t\t\t\t\t<\/div>\n\t\t\t\t<\/div>\n\t\t\t\t<\/div>\n\t\t<div class=\"elementor-element elementor-element-49dc99de e-con-full e-flex e-con e-child\" data-id=\"49dc99de\" data-element_type=\"container\" data-settings=\"{&quot;background_background&quot;:&quot;classic&quot;}\">\n\t\t\t\t<\/div>\n\t\t\t\t<\/div>\n\t\t<div class=\"elementor-element elementor-element-443b12bd e-con-full e-flex e-con e-parent\" data-id=\"443b12bd\" data-element_type=\"container\">\n\t\t<div class=\"elementor-element elementor-element-30f0ed9b e-con-full e-flex e-con e-child\" data-id=\"30f0ed9b\" data-element_type=\"container\" data-settings=\"{&quot;background_background&quot;:&quot;classic&quot;}\">\n\t\t\t\t<\/div>\n\t\t<div class=\"elementor-element elementor-element-778117f5 e-con-full e-flex e-con e-child\" data-id=\"778117f5\" data-element_type=\"container\">\n\t\t\t\t<div class=\"elementor-element elementor-element-6e90cc2 elementor-widget elementor-widget-heading\" data-id=\"6e90cc2\" data-element_type=\"widget\" data-widget_type=\"heading.default\">\n\t\t\t\t<div class=\"elementor-widget-container\">\n\t\t\t\t\t<h2 class=\"elementor-heading-title elementor-size-default\">Tenuta Cavaticchio<\/h2>\t\t\t\t<\/div>\n\t\t\t\t<\/div>\n\t\t\t\t<div class=\"elementor-element elementor-element-45bc8be8 elementor-widget elementor-widget-heading\" data-id=\"45bc8be8\" data-element_type=\"widget\" data-widget_type=\"heading.default\">\n\t\t\t\t<div class=\"elementor-widget-container\">\n\t\t\t\t\t<h2 class=\"elementor-heading-title elementor-size-default\">SPOLTORE (PE) HA 2,21,58<\/h2>\t\t\t\t<\/div>\n\t\t\t\t<\/div>\n\t\t\t\t<div class=\"elementor-element elementor-element-48b3e771 elementor-widget elementor-widget-text-editor\" data-id=\"48b3e771\" data-element_type=\"widget\" data-widget_type=\"text-editor.default\">\n\t\t\t\t<div class=\"elementor-widget-container\">\n\t\t\t\t\t\t\t\t\t<p>Tenuta <strong>Cavaticchio<\/strong> \u00e8 locata nel comune di Spoltore, in provincia di Pescara. A pochi km dal Mar Adriatico, i suoi ettari vitati sono coltivati principalmente a <em><strong>Montepulciano<\/strong><\/em> (ha 2,21,58), in una splendida zona collinare, ad un\u2019altitudine di circa <strong>157 mt. s.l.m.<\/strong><\/p><p>Il clima mite, caratterizzato da lontane brezze che mitigano sia il calore estivo sia il rigore dell\u2019inverno e la composizione del suolo di natura argilloso-calcarea, esaltano il carattere e la personalit\u00e0 del vino di questo grande territorio.<\/p>\t\t\t\t\t\t\t\t<\/div>\n\t\t\t\t<\/div>\n\t\t\t\t<\/div>\n\t\t\t\t<\/div>\n\t\t\t\t<\/div>","protected":false},"excerpt":{"rendered":"<p>https:\/\/cantinadragani.it\/wp-content\/uploads\/2025\/01\/cartinaanimata.mp4 LE TENUTE Tenuta Marchesi de&#8217; Cordano LORETO APRUTINO (PE) HA 17,43,27 La Tenuta Marchesi de\u2019 Cordano si trova a 30 km dal massiccio del Gran Sasso e a 30km dal Mar Adriatico, nella zona collinare che circonda Loreto Aprutino, ad un\u2019altitudine di 307 mt. s.l.m., con esposizione a Sud e Sud Est. I suoi [&hellip;]<\/p>","protected":false},"author":1,"featured_media":0,"parent":0,"menu_order":0,"comment_status":"closed","ping_status":"closed","template":"","meta":{"footnotes":""},"class_list":["post-317","page","type-page","status-publish","hentry"],"_links":{"self":[{"href":"https:\/\/cantinadragani.it\/en\/wp-json\/wp\/v2\/pages\/317","targetHints":{"allow":["GET"]}}],"collection":[{"href":"https:\/\/cantinadragani.it\/en\/wp-json\/wp\/v2\/pages"}],"about":[{"href":"https:\/\/cantinadragani.it\/en\/wp-json\/wp\/v2\/types\/page"}],"author":[{"embeddable":true,"href":"https:\/\/cantinadragani.it\/en\/wp-json\/wp\/v2\/users\/1"}],"replies":[{"embeddable":true,"href":"https:\/\/cantinadragani.it\/en\/wp-json\/wp\/v2\/comments?post=317"}],"version-history":[{"count":7,"href":"https:\/\/cantinadragani.it\/en\/wp-json\/wp\/v2\/pages\/317\/revisions"}],"predecessor-version":[{"id":358,"href":"https:\/\/cantinadragani.it\/en\/wp-json\/wp\/v2\/pages\/317\/revisions\/358"}],"wp:attachment":[{"href":"https:\/\/cantinadragani.it\/en\/wp-json\/wp\/v2\/media?parent=317"}],"curies":[{"name":"wp","href":"https:\/\/api.w.org\/{rel}","templated":true}]}}